{"id":20,"date":"2024-09-22T16:19:48","date_gmt":"2024-09-22T14:19:48","guid":{"rendered":"http:\/\/marie.honzapb.cz\/?page_id=20"},"modified":"2024-09-22T16:19:48","modified_gmt":"2024-09-22T14:19:48","slug":"nabidka-pomoci","status":"publish","type":"page","link":"https:\/\/marie.honzapb.cz\/?page_id=20","title":{"rendered":"Nab\u00eddka pomoci"},"content":{"rendered":"\n<p>Hled\u00e1m mo\u017enosti jak pomoci lidem, kte\u0159\u00ed se dostanou do situace, kdy nezvl\u00e1daj\u00ed kv\u016fli zdravotn\u00edmu stavu b\u011b\u017en\u00e9 zivotn\u00ed pot\u0159eby a lidem, kte\u0159\u00ed se o takov\u00e9 posti\u017een\u00e9 staraj\u00ed.<\/p>\n\n\n\n<p>N\u011bkdy sta\u010d\u00ed pouze nasm\u011brovat na konkr\u00e9tn\u00ed \u00fa\u0159ad, pracovn\u00edka \u00fa\u0159adu. Jindy hledat organizaci, kter\u00e1 bude m\u00edt kapacitu pe\u010dovatelsk\u00fdch slu\u017eeb. <\/p>\n\n\n\n<p>V\u017edy se najde n\u011bjak\u00e1 cesta, alespo\u0148 kousek zlep\u0161it komfort posti\u017een\u00fdm i jejich pe\u010dovatel\u016f.<\/p>\n","protected":false},"excerpt":{"rendered":"<p>Hled\u00e1m mo\u017enosti jak pomoci lidem, kte\u0159\u00ed se dostanou do situace, kdy nezvl\u00e1daj\u00ed kv\u016fli zdravotn\u00edmu stavu b\u011b\u017en\u00e9 zivotn\u00ed pot\u0159eby a lidem, [&hellip;]<\/p>\n","protected":false},"author":1,"featured_media":0,"parent":0,"menu_order":0,"comment_status":"closed","ping_status":"closed","template":"","meta":{"site-sidebar-layout":"default","site-content-layout":"","ast-site-content-layout":"","site-content-style":"default","site-sidebar-style":"default","ast-global-header-display":"","ast-banner-title-visibility":"","ast-main-header-display":"","ast-hfb-above-header-display":"","ast-hfb-below-header-display":"","ast-hfb-mobile-header-display":"","site-post-title":"","ast-breadcrumbs-content":"","ast-featured-img":"","footer-sml-layout":"","theme-transparent-header-meta":"","adv-header-id-meta":"","stick-header-meta":"","header-above-stick-meta":"","header-main-stick-meta":"","header-below-stick-meta":"","astra-migrate-meta-layouts":"default","ast-page-background-enabled":"default","ast-page-background-meta":{"desktop":{"background-color":"var(--ast-global-color-4)","background-image":"","background-repeat":"repeat","background-position":"center center","background-size":"auto","background-attachment":"scroll","background-type":"","background-media":"","overlay-type":"","overlay-color":"","overlay-opacity":"","overlay-gradient":""},"tablet":{"background-color":"","background-image":"","background-repeat":"repeat","background-position":"center center","background-size":"auto","background-attachment":"scroll","background-type":"","background-media":"","overlay-type":"","overlay-color":"","overlay-opacity":"","overlay-gradient":""},"mobile":{"background-color":"","background-image":"","background-repeat":"repeat","background-position":"center center","background-size":"auto","background-attachment":"scroll","background-type":"","background-media":"","overlay-type":"","overlay-color":"","overlay-opacity":"","overlay-gradient":""}},"ast-content-background-meta":{"desktop":{"background-color":"var(--ast-global-color-5)","background-image":"","background-repeat":"repeat","background-position":"center center","background-size":"auto","background-attachment":"scroll","background-type":"","background-media":"","overlay-type":"","overlay-color":"","overlay-opacity":"","overlay-gradient":""},"tablet":{"background-color":"var(--ast-global-color-5)","background-image":"","background-repeat":"repeat","background-position":"center center","background-size":"auto","background-attachment":"scroll","background-type":"","background-media":"","overlay-type":"","overlay-color":"","overlay-opacity":"","overlay-gradient":""},"mobile":{"background-color":"var(--ast-global-color-5)","background-image":"","background-repeat":"repeat","background-position":"center center","background-size":"auto","background-attachment":"scroll","background-type":"","background-media":"","overlay-type":"","overlay-color":"","overlay-opacity":"","overlay-gradient":""}},"footnotes":""},"class_list":["post-20","page","type-page","status-publish","hentry"],"_links":{"self":[{"href":"https:\/\/marie.honzapb.cz\/index.php?rest_route=\/wp\/v2\/pages\/20","targetHints":{"allow":["GET"]}}],"collection":[{"href":"https:\/\/marie.honzapb.cz\/index.php?rest_route=\/wp\/v2\/pages"}],"about":[{"href":"https:\/\/marie.honzapb.cz\/index.php?rest_route=\/wp\/v2\/types\/page"}],"author":[{"embeddable":true,"href":"https:\/\/marie.honzapb.cz\/index.php?rest_route=\/wp\/v2\/users\/1"}],"replies":[{"embeddable":true,"href":"https:\/\/marie.honzapb.cz\/index.php?rest_route=%2Fwp%2Fv2%2Fcomments&post=20"}],"version-history":[{"count":1,"href":"https:\/\/marie.honzapb.cz\/index.php?rest_route=\/wp\/v2\/pages\/20\/revisions"}],"predecessor-version":[{"id":21,"href":"https:\/\/marie.honzapb.cz\/index.php?rest_route=\/wp\/v2\/pages\/20\/revisions\/21"}],"wp:attachment":[{"href":"https:\/\/marie.honzapb.cz\/index.php?rest_route=%2Fwp%2Fv2%2Fmedia&parent=20"}],"curies":[{"name":"wp","href":"https:\/\/api.w.org\/{rel}","templated":true}]}}